{"id":1170,"date":"2026-02-17T19:14:29","date_gmt":"2026-02-17T19:14:29","guid":{"rendered":"https:\/\/kudlateszczescie.eu\/?page_id=1170"},"modified":"2026-02-17T19:40:20","modified_gmt":"2026-02-17T19:40:20","slug":"opinie","status":"publish","type":"page","link":"https:\/\/kudlateszczescie.eu\/?page_id=1170","title":{"rendered":"Opinie"},"content":{"rendered":"\n<hr class=\"wp-block-separator has-alpha-channel-opacity is-style-wide\"\/>\n\n\n<div class=\"glsr glsr-default\" id=\"glsr_cd23c1dd\" data-from=\"block\" data-shortcode=\"site_reviews\"><div class=\"glsr-reviews-wrap\">\n    <div class=\"glsr-reviews\">\n        <div class=\"glsr-review\" data-type=\"local\" id=\"review-1262\" data-assigned='[]'>\n    <div class=\"glsr-review-title\"><h4 class=\"glsr-tag-value\">Hodowla pe\u0142na ciep\u0142a i mi\u0142o\u015bci\u2764\ufe0f<\/h4><\/div>\n    <div class=\"glsr-review-rating\"><div class=\"glsr-star-rating glsr-stars\" role=\"img\" aria-label=\"Rated 5 out of 5 stars\" data-rating=\"5\" data-reviews=\"0\"><span class=\"glsr-star glsr-star-full\" aria-hidden=\"true\"><\/span><span class=\"glsr-star glsr-star-full\" aria-hidden=\"true\"><\/span><span class=\"glsr-star glsr-star-full\" aria-hidden=\"true\"><\/span><span class=\"glsr-star glsr-star-full\" aria-hidden=\"true\"><\/span><span class=\"glsr-star glsr-star-full\" aria-hidden=\"true\"><\/span><\/div><\/div> <div class=\"glsr-review-date\"><span class=\"glsr-tag-value\">27 marca, 2026<\/span><\/div>\n    \n    <div class=\"glsr-review-content\"><div class=\"glsr-tag-value\" data-expanded=\"false\"><p>Pieska z tej hodowli mamy od ponad 3 lat.To najlepsza decyzja jak\u0105 podj\u0119li\u015bmy.Szczeniaczki s\u0105 bardzo dobrze zsocjalizowane, nauczone za\u0142atwiania na mat\u0119.Boston od pocz\u0105tku by\u0142 bardzo odwa\u017cny i \u017cywio\u0142owy.Do dzi\u015b mamy wspania\u0142y kontakt z hodowc\u0105-Kasia to bardzo sympatyczna osoba z ogromem wiedzy.<\/p>\n<p>Polecamy Kud\u0142ate Szcz\u0119\u015bcie ca\u0142ym\u2764\ufe0f<\/p><\/div><\/div>\n     <div class=\"glsr-review-author\"><span class=\"glsr-tag-value\">Mirka<\/span><\/div> \n    \n<\/div>\n<div class=\"glsr-review\" data-type=\"local\" id=\"review-1261\" data-assigned='[]'>\n    <div class=\"glsr-review-title\"><h4 class=\"glsr-tag-value\">Kud\u0142ate Szcz\u0119\u015bcie<\/h4><\/div>\n    <div class=\"glsr-review-rating\"><div class=\"glsr-star-rating glsr-stars\" role=\"img\" aria-label=\"Rated 5 out of 5 stars\" data-rating=\"5\" data-reviews=\"0\"><span class=\"glsr-star glsr-star-full\" aria-hidden=\"true\"><\/span><span class=\"glsr-star glsr-star-full\" aria-hidden=\"true\"><\/span><span class=\"glsr-star glsr-star-full\" aria-hidden=\"true\"><\/span><span class=\"glsr-star glsr-star-full\" aria-hidden=\"true\"><\/span><span class=\"glsr-star glsr-star-full\" aria-hidden=\"true\"><\/span><\/div><\/div> <div class=\"glsr-review-date\"><span class=\"glsr-tag-value\">22 marca, 2026<\/span><\/div>\n    \n    <div class=\"glsr-review-content\"><div class=\"glsr-tag-value\" data-expanded=\"false\"><p>Serdecznie polecam hodowl\u0119 Kud\u0142ate Szcz\u0119\u015bcie. Psiaki s\u0105 zadbane, zdrowe i wspaniale socjalizowane. Pani Kasia ma ogromn\u0105 wiedz\u0119 i \u015bwietne podej\u015bcie &#8211; wida\u0107, \u017ce robi to z pasj\u0105. Zdecydowanie hodowla godna zaufania. Dzi\u0119kujemy za nasz\u0105 Nancy \ud83d\ude0a<\/p><\/div><\/div>\n     <div class=\"glsr-review-author\"><span class=\"glsr-tag-value\">Maciej Wolf<\/span><\/div> \n    \n<\/div>\n<div class=\"glsr-review\" data-type=\"local\" id=\"review-1260\" data-assigned='[]'>\n    <div class=\"glsr-review-title\"><h4 class=\"glsr-tag-value\">Hodowla pe\u0142na ciep\u0142a i mi\u0142o\u015bci \ud83d\udc95<\/h4><\/div>\n    <div class=\"glsr-review-rating\"><div class=\"glsr-star-rating glsr-stars\" role=\"img\" aria-label=\"Rated 5 out of 5 stars\" data-rating=\"5\" data-reviews=\"0\"><span class=\"glsr-star glsr-star-full\" aria-hidden=\"true\"><\/span><span class=\"glsr-star glsr-star-full\" aria-hidden=\"true\"><\/span><span class=\"glsr-star glsr-star-full\" aria-hidden=\"true\"><\/span><span class=\"glsr-star glsr-star-full\" aria-hidden=\"true\"><\/span><span class=\"glsr-star glsr-star-full\" aria-hidden=\"true\"><\/span><\/div><\/div> <div class=\"glsr-review-date\"><span class=\"glsr-tag-value\">3 marca, 2026<\/span><\/div>\n    \n    <div class=\"glsr-review-content\"><div class=\"glsr-tag-value\" data-expanded=\"false\"><p>Szczerze polecam hodowl\u0119 Kud\u0142ate Szcz\u0119\u015bcie!<\/p>\n<p>Pani Kasia, wk\u0142ada w wychowanie i socjalizacj\u0119 piesk\u00f3w ca\u0142e serce \u2764\ufe0f oraz ogrom swojej wiedzy. Pieski od pani Kasi s\u0105 zadbane, pe\u0142ne \u017cycia i energii, przyjazne oraz nauczone zasad higieny zwi\u0105zanych z mat\u0105, co jest bardzo wa\u017cne, je\u015bli w domu pojawia si\u0119 sczeniaczek \ud83d\ude0a<\/p>\n<p class=\"glsr-hidden-text\" data-show-less=\"Show less\" data-show-more=\"Show more\" data-trigger=\"expand\">Od roku mieszka z nami Zo\u0142i, z hodowli pani<span class=\"glsr-hidden\"> Kasi, kt\u00f3ra jest okazem psiego zdrowia i urody \ud83d\ude0a\ud83d\udc36 Prawdziwe nasze Kud\u0142ate Szcz\u0119\u015bcie \ud83e\udd70<\/span><\/p><\/div><\/div>\n     <div class=\"glsr-review-author\"><span class=\"glsr-tag-value\">Agnieszka<\/span><\/div> \n    \n<\/div>\n<div class=\"glsr-review\" data-type=\"local\" id=\"review-1259\" data-assigned='[]'>\n    <div class=\"glsr-review-title\"><h4 class=\"glsr-tag-value\">Jak rodzina<\/h4><\/div>\n    <div class=\"glsr-review-rating\"><div class=\"glsr-star-rating glsr-stars\" role=\"img\" aria-label=\"Rated 5 out of 5 stars\" data-rating=\"5\" data-reviews=\"0\"><span class=\"glsr-star glsr-star-full\" aria-hidden=\"true\"><\/span><span class=\"glsr-star glsr-star-full\" aria-hidden=\"true\"><\/span><span class=\"glsr-star glsr-star-full\" aria-hidden=\"true\"><\/span><span class=\"glsr-star glsr-star-full\" aria-hidden=\"true\"><\/span><span class=\"glsr-star glsr-star-full\" aria-hidden=\"true\"><\/span><\/div><\/div> <div class=\"glsr-review-date\"><span class=\"glsr-tag-value\">28 lutego, 2026<\/span><\/div>\n    \n    <div class=\"glsr-review-content\"><div class=\"glsr-tag-value\" data-expanded=\"false\"><p>Mieli\u015bmy niezwyk\u0142e szcz\u0119\u015bcie, \u017ce odnale\u017ali\u015bmy hodowl\u0119 Pani Kasi. Jestem pewna, \u017ce piesek by\u0142 pod najlepsz\u0105 fachow\u0105 opiek\u0105 od samego pocz\u0105tku. Cha\u0142ka jest z nami od 3 lat i zawsze mog\u0119 liczy\u0107 na wiedz\u0119 Pani Kasi. Dzi\u0119ki Kud\u0142atemu Szcz\u0119\u015bciu zyskali\u015bmy cudownego cz\u0142onka rodziny, wi\u0119c hodowla na zawsze pozostanie nam bliska.<\/p><\/div><\/div>\n     <div class=\"glsr-review-author\"><span class=\"glsr-tag-value\">Joanna<\/span><\/div> \n    \n<\/div>\n<div class=\"glsr-review\" data-type=\"local\" id=\"review-1258\" data-assigned='[]'>\n    <div class=\"glsr-review-title\"><h4 class=\"glsr-tag-value\">Kud\u0142ate Szcz\u0119\u015bcie<\/h4><\/div>\n    <div class=\"glsr-review-rating\"><div class=\"glsr-star-rating glsr-stars\" role=\"img\" aria-label=\"Rated 5 out of 5 stars\" data-rating=\"5\" data-reviews=\"0\"><span class=\"glsr-star glsr-star-full\" aria-hidden=\"true\"><\/span><span class=\"glsr-star glsr-star-full\" aria-hidden=\"true\"><\/span><span class=\"glsr-star glsr-star-full\" aria-hidden=\"true\"><\/span><span class=\"glsr-star glsr-star-full\" aria-hidden=\"true\"><\/span><span class=\"glsr-star glsr-star-full\" aria-hidden=\"true\"><\/span><\/div><\/div> <div class=\"glsr-review-date\"><span class=\"glsr-tag-value\">26 lutego, 2026<\/span><\/div>\n    \n    <div class=\"glsr-review-content\"><div class=\"glsr-tag-value\" data-expanded=\"false\"><p>Nazwa hodowli zobowi\u0105zuje&#8230; dzi\u0119ki Pani Kasi mamy w domu prawdziwe Kud\u0142ate Szcz\u0119\u015bcie \ud83d\ude42 kontakt z hodowc\u0105 wzorowy, piesek \u015bwietnie socjalizowany, zosta\u0142 prawdziwym przyjacielem ca\u0142ej rodziny. Zak serdecznie pozdrawia \ud83e\udd70<\/p><\/div><\/div>\n     <div class=\"glsr-review-author\"><span class=\"glsr-tag-value\">Karolina<\/span><\/div> \n    \n<\/div>\n    <\/div>\n    \n<\/div><\/div>\n\n\n<p><\/p>\n\n\n\n<h2 class=\"wp-block-heading\">Podziel si\u0119 z nami swoj\u0105 opini\u0105!<\/h2>\n\n\n<div class=\"glsr glsr-default\" id=\"glsr_4c4ec6f6\" data-from=\"block\" data-shortcode=\"site_reviews_form\"><div class=\"glsr-form-wrap\">\n    <form class=\"glsr-review-form glsr-form\" method=\"post\" enctype=\"multipart\/form-data\">\n        <input type=\"hidden\" name=\"site-reviews[_action]\" value=\"submit-review\" \/>\n<input type=\"hidden\" name=\"site-reviews[_nonce]\" value=\"fa91587371\" \/>\n<input type=\"hidden\" name=\"site-reviews[_post_id]\" value=\"1170\" \/>\n<input type=\"hidden\" name=\"site-reviews[_referer]\" value=\"\" \/>\n<input type=\"hidden\" name=\"site-reviews[assigned_posts]\" value=\"\" \/>\n<input type=\"hidden\" name=\"site-reviews[assigned_terms]\" value=\"\" \/>\n<input type=\"hidden\" name=\"site-reviews[assigned_users]\" value=\"\" \/>\n<input type=\"hidden\" name=\"site-reviews[excluded]\" value=\"\" \/>\n<input type=\"hidden\" name=\"site-reviews[form_id]\" value=\"glsr_4c4ec6f6\" \/>\n<input type=\"hidden\" name=\"site-reviews[terms_exist]\" value=\"1\" \/>\n<input type=\"hidden\" name=\"site-reviews[form_signature]\" value=\"GT1syuihtCeiIaeNLOtxzsKrddQcVyXWEtDYbkPvflNctC5WSmbVMHCfqm4_8AUT3tn5ZBexf0ZWCQsX5Ho-Yh_E-x4HzS_hbzba5y1sdWMjpHVc9z7NGtdsnN3wzZvz7rBSWzc5XSU3Xfnmzxv6VcNFIP3TbALxyGDvJH8zaZTazSlXW58odtEoXh0tMKP9VqIHfYs0GwnTs2kysc4uQl4YYX1mtLF0w7JzdlHHzRb61NskjNif1Inq1evgP3qlt-P3VezDeA_c8iuzeIE3bgZr1l8n4FkTADrKcVxq2bO-z4MXfkP3ZQxBoCbkIDtBUlFtsFKxw0H2AjAUTAFFEGKlaoL-ZBRt0ItPEkbMa1CjRykUWUH8O8AvO5poyCrJKKOqAKvmt4DCXOJK6sv2wiljuTU\" \/>\n<div class=\"glsr-field\" style=\"display:none;\"><label for=\"site-reviews-7eb321c1-glsr_4c4ec6f6\">Your review<\/label><input type=\"text\" class=\"glsr-input glsr-input-text\" id=\"site-reviews-7eb321c1-glsr_4c4ec6f6\" name=\"site-reviews[7eb321c1]\" value=\"\" \/><\/div>\n<div class=\"glsr-field glsr-field-rating glsr-required\" data-field=\"rating\">\n    <label class=\"glsr-label\" for=\"glsr_4c4ec6f6-rating\">\n    <span>Your overall rating<\/span>\n<\/label>\n    <select class=\"browser-default disable-select no_wrap no-wrap glsr-select\" id=\"glsr_4c4ec6f6-rating\" name=\"site-reviews[rating]\" required><option value=\"\">Select a Rating<\/option><option value=\"5\">5 Stars<\/option><option value=\"4\">4 Stars<\/option><option value=\"3\">3 Stars<\/option><option value=\"2\">2 Stars<\/option><option value=\"1\">1 Star<\/option><\/select>\n    <div class=\"glsr-field-error\"><\/div>\n<\/div>\n<div class=\"glsr-field glsr-field-text glsr-required\" data-field=\"title\">\n    <label class=\"glsr-label\" for=\"glsr_4c4ec6f6-title\">\n    <span>Title of your review<\/span>\n<\/label>\n    <input type=\"text\" class=\"glsr-input glsr-input-text\" id=\"glsr_4c4ec6f6-title\" name=\"site-reviews[title]\" required placeholder=\"Summarize your review or highlight an interesting detail\" value=\"\" \/>\n    <div class=\"glsr-field-error\"><\/div>\n<\/div>\n<div class=\"glsr-field glsr-field-textarea glsr-required\" data-field=\"content\">\n    <label class=\"glsr-label\" for=\"glsr_4c4ec6f6-content\">\n    <span>Your review<\/span>\n<\/label>\n    <textarea class=\"glsr-textarea\" id=\"glsr_4c4ec6f6-content\" name=\"site-reviews[content]\" required placeholder=\"Tell people your review\" rows=\"5\"><\/textarea>\n    <div class=\"glsr-field-error\"><\/div>\n<\/div>\n<div class=\"glsr-field glsr-field-text glsr-required\" data-field=\"name\">\n    <label class=\"glsr-label\" for=\"glsr_4c4ec6f6-name\">\n    <span>Your name<\/span>\n<\/label>\n    <input type=\"text\" class=\"glsr-input glsr-input-text\" id=\"glsr_4c4ec6f6-name\" name=\"site-reviews[name]\" required placeholder=\"Tell us your name\" value=\"\" \/>\n    <div class=\"glsr-field-error\"><\/div>\n<\/div>\n<div class=\"glsr-field glsr-field-email\" data-field=\"email\">\n    <label class=\"glsr-label\" for=\"glsr_4c4ec6f6-email\">\n    <span>Your email<\/span>\n<\/label>\n    <input type=\"email\" class=\"glsr-input glsr-input-email\" id=\"glsr_4c4ec6f6-email\" name=\"site-reviews[email]\" placeholder=\"Tell us your email\" value=\"\" \/>\n    <div class=\"glsr-field-error\"><\/div>\n<\/div>\n<div class=\"glsr-field glsr-field-choice glsr-required\" data-field=\"terms\">\n    \n    <span class=\"glsr-field-toggle\">\n    <span class=\"glsr-toggle\">\n        <label for=\"glsr_4c4ec6f6-terms-1\">This review is based on my own experience and is my genuine opinion.<\/label>\n        <span class=\"glsr-toggle-switch\">\n            <input type=\"checkbox\" class=\"glsr-input-toggle\" id=\"glsr_4c4ec6f6-terms-1\" name=\"site-reviews[terms]\" required value=\"1\" \/> &#8203; <!-- zero-space character used for alignment -->\n            <span class=\"glsr-toggle-track\"><\/span>\n        <\/span>\n    <\/span>\n<\/span>\n    <div class=\"glsr-field-error\"><\/div>\n<\/div>\n        <div class=\"glsr-form-message\">\n    \n<\/div>\n        <div data-field=\"submit-button\">\n    <div class=\"wp-block-buttons is-layout-flex\">\n        <div class=\"wp-block-button\">\n            <button type=\"submit\" class=\"glsr-button wp-block-button__link wp-element-button\" aria-busy=\"false\" data-loading=\"Submitting, please wait...\">Submit Review<\/button>\n        <\/div>\n    <\/div>\n<\/div>\n    <\/form>\n<\/div><\/div>","protected":false},"excerpt":{"rendered":"<p>Podziel si\u0119 z nami swoj\u0105 opini\u0105!<\/p>\n","protected":false},"author":1,"featured_media":0,"parent":0,"menu_order":0,"comment_status":"closed","ping_status":"closed","template":"","meta":{"_glsr_average":0,"_glsr_ranking":0,"_glsr_reviews":0,"footnotes":""},"class_list":["post-1170","page","type-page","status-publish","hentry"],"_links":{"self":[{"href":"https:\/\/kudlateszczescie.eu\/index.php?rest_route=\/wp\/v2\/pages\/1170","targetHints":{"allow":["GET"]}}],"collection":[{"href":"https:\/\/kudlateszczescie.eu\/index.php?rest_route=\/wp\/v2\/pages"}],"about":[{"href":"https:\/\/kudlateszczescie.eu\/index.php?rest_route=\/wp\/v2\/types\/page"}],"author":[{"embeddable":true,"href":"https:\/\/kudlateszczescie.eu\/index.php?rest_route=\/wp\/v2\/users\/1"}],"replies":[{"embeddable":true,"href":"https:\/\/kudlateszczescie.eu\/index.php?rest_route=%2Fwp%2Fv2%2Fcomments&post=1170"}],"version-history":[{"count":7,"href":"https:\/\/kudlateszczescie.eu\/index.php?rest_route=\/wp\/v2\/pages\/1170\/revisions"}],"predecessor-version":[{"id":1181,"href":"https:\/\/kudlateszczescie.eu\/index.php?rest_route=\/wp\/v2\/pages\/1170\/revisions\/1181"}],"wp:attachment":[{"href":"https:\/\/kudlateszczescie.eu\/index.php?rest_route=%2Fwp%2Fv2%2Fmedia&parent=1170"}],"curies":[{"name":"wp","href":"https:\/\/api.w.org\/{rel}","templated":true}]}}