{"id":989,"date":"2025-11-23T19:18:29","date_gmt":"2025-11-23T19:18:29","guid":{"rendered":"https:\/\/kudlateszczescie.eu\/?page_id=989"},"modified":"2026-02-17T20:11:32","modified_gmt":"2026-02-17T20:11:32","slug":"dlaczego-zajmuje-sie-hodowla","status":"publish","type":"page","link":"https:\/\/kudlateszczescie.eu\/?page_id=989","title":{"rendered":"Dlaczego zajmuje si\u0119 hodowl\u0105"},"content":{"rendered":"\n<p>Zajmuj\u0119 si\u0119 hodowl\u0105, poniewa\u017c kocham psy i chc\u0119 dzieli\u0107 si\u0119 rado\u015bci\u0105, jak\u0105 daj\u0105 Maltipoo. Ka\u017cdego szczeniaka traktuj\u0119 jak cz\u0142onka rodziny, dbaj\u0105c o jego zdrowie, socjalizacj\u0119 i prawid\u0142owy rozw\u00f3j. <\/p>\n\n\n\n<p>Hodowla to dla mnie spos\u00f3b na odpowiedzialne przekazywanie mi\u0142o\u015bci i troski o t\u0119 wyj\u0105tkow\u0105 ras\u0119. Przekazywanie wiedzy jak\u0105 zdoby\u0142am do tej pory i pomoc w trudnych sytuacjach to dla mnie misja i pasja. Chc\u0119, \u017ceby ka\u017cdy w\u0142a\u015bciciel czu\u0142 si\u0119 pewnie i bezpiecznie podczas wychowywania i opieki nad maluszkiem.  Przekazuj\u0119 pakiet wiedzy pocz\u0105tkowej w formie PDF ju\u017c podczas rezerwacji maluszka, \u017ceby mo\u017cna si\u0119 by\u0142o zapozna\u0107 i przygotowa\u0107 na przyj\u0119cie szczeniaczka w nowym domu. Zawarte s\u0105 tam informacje na temat przygotowanie domu i domownik\u00f3w oraz zestaw rzeczy potrzebnych &#8222;na start&#8221;.<\/p>\n\n\n\n<p><\/p>\n\n\n\n<p><\/p>\n","protected":false},"excerpt":{"rendered":"<p>Zajmuj\u0119 si\u0119 hodowl\u0105, poniewa\u017c kocham psy i chc\u0119 dzieli\u0107 si\u0119 rado\u015bci\u0105, jak\u0105 daj\u0105 Maltipoo. Ka\u017cdego szczeniaka traktuj\u0119 jak cz\u0142onka rodziny, dbaj\u0105c o jego zdrowie, socjalizacj\u0119 i prawid\u0142owy rozw\u00f3j. Hodowla to dla mnie spos\u00f3b na odpowiedzialne przekazywanie mi\u0142o\u015bci i troski o t\u0119 wyj\u0105tkow\u0105 ras\u0119. Przekazywanie wiedzy jak\u0105 zdoby\u0142am do tej pory i pomoc w trudnych sytuacjach&#8230;<\/p>\n","protected":false},"author":1,"featured_media":0,"parent":0,"menu_order":0,"comment_status":"closed","ping_status":"closed","template":"","meta":{"_glsr_average":0,"_glsr_ranking":0,"_glsr_reviews":0,"footnotes":""},"class_list":["post-989","page","type-page","status-publish","hentry"],"_links":{"self":[{"href":"https:\/\/kudlateszczescie.eu\/index.php?rest_route=\/wp\/v2\/pages\/989","targetHints":{"allow":["GET"]}}],"collection":[{"href":"https:\/\/kudlateszczescie.eu\/index.php?rest_route=\/wp\/v2\/pages"}],"about":[{"href":"https:\/\/kudlateszczescie.eu\/index.php?rest_route=\/wp\/v2\/types\/page"}],"author":[{"embeddable":true,"href":"https:\/\/kudlateszczescie.eu\/index.php?rest_route=\/wp\/v2\/users\/1"}],"replies":[{"embeddable":true,"href":"https:\/\/kudlateszczescie.eu\/index.php?rest_route=%2Fwp%2Fv2%2Fcomments&post=989"}],"version-history":[{"count":3,"href":"https:\/\/kudlateszczescie.eu\/index.php?rest_route=\/wp\/v2\/pages\/989\/revisions"}],"predecessor-version":[{"id":1188,"href":"https:\/\/kudlateszczescie.eu\/index.php?rest_route=\/wp\/v2\/pages\/989\/revisions\/1188"}],"wp:attachment":[{"href":"https:\/\/kudlateszczescie.eu\/index.php?rest_route=%2Fwp%2Fv2%2Fmedia&parent=989"}],"curies":[{"name":"wp","href":"https:\/\/api.w.org\/{rel}","templated":true}]}}